{"id":1123,"date":"2022-04-29T17:50:42","date_gmt":"2022-04-29T17:50:42","guid":{"rendered":"http:\/\/adeicasa.com\/?page_id=1123"},"modified":"2022-07-11T17:41:57","modified_gmt":"2022-07-11T17:41:57","slug":"alquiler2","status":"publish","type":"page","link":"https:\/\/www.adeicasa.com\/index.php\/alquiler2\/","title":{"rendered":"Alquiler"},"content":{"rendered":"\t\t<div data-elementor-type=\"wp-page\" data-elementor-id=\"1123\" class=\"elementor elementor-1123\" data-elementor-settings=\"[]\">\n\t\t\t\t\t\t\t<div class=\"elementor-section-wrap\">\n\t\t\t\t\t\t\t<section class=\"elementor-section elementor-top-section elementor-element elementor-element-3d182d9 elementor-section-boxed elementor-section-height-default elementor-section-height-default\" data-id=\"3d182d9\" data-element_type=\"section\">\n\t\t\t\t\t\t<div class=\"elementor-container elementor-column-gap-default\">\n\t\t\t\t\t<div class=\"elementor-column elementor-col-50 elementor-top-column elementor-element elementor-element-d26db13\" data-id=\"d26db13\" data-element_type=\"column\">\n\t\t\t<div class=\"elementor-widget-wrap elementor-element-populated\">\n\t\t\t\t\t\t\t\t<div class=\"elementor-element elementor-element-03f5465 elementor-widget elementor-widget-heading\" data-id=\"03f5465\" data-element_type=\"widget\" data-widget_type=\"heading.default\">\n\t\t\t\t<div class=\"elementor-widget-container\">\n\t\t\t<style>\/*! elementor - v3.5.6 - 28-02-2022 *\/\n.elementor-heading-title{padding:0;margin:0;line-height:1}.elementor-widget-heading .elementor-heading-title[class*=elementor-size-]>a{color:inherit;font-size:inherit;line-height:inherit}.elementor-widget-heading .elementor-heading-title.elementor-size-small{font-size:15px}.elementor-widget-heading .elementor-heading-title.elementor-size-medium{font-size:19px}.elementor-widget-heading .elementor-heading-title.elementor-size-large{font-size:29px}.elementor-widget-heading .elementor-heading-title.elementor-size-xl{font-size:39px}.elementor-widget-heading .elementor-heading-title.elementor-size-xxl{font-size:59px}<\/style><h2 class=\"elementor-heading-title elementor-size-default\">Alquiler<\/h2>\t\t<\/div>\n\t\t\t\t<\/div>\n\t\t\t\t<div class=\"elementor-element elementor-element-5af0da5 elementor-widget elementor-widget-text-editor\" data-id=\"5af0da5\" data-element_type=\"widget\" data-widget_type=\"text-editor.default\">\n\t\t\t\t<div class=\"elementor-widget-container\">\n\t\t\t<style>\/*! elementor - v3.5.6 - 28-02-2022 *\/\n.elementor-widget-text-editor.elementor-drop-cap-view-stacked .elementor-drop-cap{background-color:#818a91;color:#fff}.elementor-widget-text-editor.elementor-drop-cap-view-framed .elementor-drop-cap{color:#818a91;border:3px solid;background-color:transparent}.elementor-widget-text-editor:not(.elementor-drop-cap-view-default) .elementor-drop-cap{margin-top:8px}.elementor-widget-text-editor:not(.elementor-drop-cap-view-default) .elementor-drop-cap-letter{width:1em;height:1em}.elementor-widget-text-editor .elementor-drop-cap{float:left;text-align:center;line-height:1;font-size:50px}.elementor-widget-text-editor .elementor-drop-cap-letter{display:inline-block}<\/style>\t\t\t\t<p>\u00bfEst\u00e1s harto de tu piso de alquiler y quieres cambiar a otro m\u00e1s c\u00f3modo? \u00bfO lo que quieres es alquilar uno en otra zona que te gusta m\u00e1s? \u00bfYa no entras en los portales inmobiliarios por que nunca encuentras nada y acabas frustrado?<br \/>Probablemente no tengas tiempo para dedicarlo a una b\u00fasqueda que puede ser larga y que exige mucha dedicaci\u00f3n. Buscar y encontrar un piso de alquiler m\u00e1s c\u00f3modo que el que tienes, m\u00e1s grande, m\u00e1s moderno, en el lugar que buscas y a un precio razonable se puede convertir en un laaargo camino.<br \/>\u00a1En Adei tambi\u00e9n podemos ayudarte en tu b\u00fasqueda! Conocemos el mercado mejor que nadie, tenemos clientes en exclusiva y monitorizamos internet por ti, para que no inviertas tu tiempo libre en la localizaci\u00f3n de un nuevo alquiler. Sabemos que localizar el piso adecuado es dif\u00edcil, pero puedes contar con nuestra experiencia en el sector para hallar lo que te interesa en las condiciones que te interesa.<br \/>No gastes m\u00e1s tu tiempo y esfuerzo en encontrar un nuevo piso de alquiler y d\u00e9jalo en nuestras manos.<\/p>\t\t\t\t\t\t<\/div>\n\t\t\t\t<\/div>\n\t\t\t\t\t<\/div>\n\t\t<\/div>\n\t\t\t\t<div class=\"elementor-column elementor-col-50 elementor-top-column elementor-element elementor-element-7e47026\" data-id=\"7e47026\" data-element_type=\"column\">\n\t\t\t<div class=\"elementor-widget-wrap elementor-element-populated\">\n\t\t\t\t\t\t\t\t<div class=\"elementor-element elementor-element-6cc5491 elementor-widget elementor-widget-image\" data-id=\"6cc5491\" data-element_type=\"widget\" data-widget_type=\"image.default\">\n\t\t\t\t<div class=\"elementor-widget-container\">\n\t\t\t<style>\/*! elementor - v3.5.6 - 28-02-2022 *\/\n.elementor-widget-image{text-align:center}.elementor-widget-image a{display:inline-block}.elementor-widget-image a img[src$=\".svg\"]{width:48px}.elementor-widget-image img{vertical-align:middle;display:inline-block}<\/style>\t\t\t\t\t\t\t\t\t\t\t\t<img loading=\"lazy\" decoding=\"async\" width=\"1024\" height=\"768\" src=\"https:\/\/www.adeicasa.com\/wp-content\/uploads\/2022\/04\/1_290118_iStock-513318319-1024x768.jpg\" class=\"attachment-large size-large\" alt=\"\" srcset=\"https:\/\/www.adeicasa.com\/wp-content\/uploads\/2022\/04\/1_290118_iStock-513318319-1024x768.jpg 1024w, https:\/\/www.adeicasa.com\/wp-content\/uploads\/2022\/04\/1_290118_iStock-513318319-300x225.jpg 300w, https:\/\/www.adeicasa.com\/wp-content\/uploads\/2022\/04\/1_290118_iStock-513318319-768x576.jpg 768w, https:\/\/www.adeicasa.com\/wp-content\/uploads\/2022\/04\/1_290118_iStock-513318319-440x330.jpg 440w, https:\/\/www.adeicasa.com\/wp-content\/uploads\/2022\/04\/1_290118_iStock-513318319-240x180.jpg 240w, https:\/\/www.adeicasa.com\/wp-content\/uploads\/2022\/04\/1_290118_iStock-513318319.jpg 1280w\" sizes=\"auto, (max-width: 1024px) 100vw, 1024px\" \/>\t\t\t\t\t\t\t\t\t\t\t\t\t\t\t<\/div>\n\t\t\t\t<\/div>\n\t\t\t\t\t<\/div>\n\t\t<\/div>\n\t\t\t\t\t\t\t<\/div>\n\t\t<\/section>\n\t\t\t\t<section class=\"elementor-section elementor-top-section elementor-element elementor-element-4b2834f6 elementor-section-content-middle elementor-section-boxed elementor-section-height-default elementor-section-height-default\" data-id=\"4b2834f6\" data-element_type=\"section\" data-settings=\"{&quot;background_background&quot;:&quot;classic&quot;}\">\n\t\t\t\t\t\t\t<div class=\"elementor-background-overlay\"><\/div>\n\t\t\t\t\t\t\t<div class=\"elementor-container elementor-column-gap-default\">\n\t\t\t\t\t<div class=\"elementor-column elementor-col-50 elementor-top-column elementor-element elementor-element-19a6eab4\" data-id=\"19a6eab4\" data-element_type=\"column\">\n\t\t\t<div class=\"elementor-widget-wrap elementor-element-populated\">\n\t\t\t\t\t\t\t\t<div class=\"elementor-element elementor-element-5374716e elementor-widget elementor-widget-heading\" data-id=\"5374716e\" data-element_type=\"widget\" data-widget_type=\"heading.default\">\n\t\t\t\t<div class=\"elementor-widget-container\">\n\t\t\t<h5 class=\"elementor-heading-title elementor-size-default\">aun sigues buscando<\/h5>\t\t<\/div>\n\t\t\t\t<\/div>\n\t\t\t\t<div class=\"elementor-element elementor-element-2664c90d elementor-widget elementor-widget-heading\" data-id=\"2664c90d\" data-element_type=\"widget\" data-widget_type=\"heading.default\">\n\t\t\t\t<div class=\"elementor-widget-container\">\n\t\t\t<h2 class=\"elementor-heading-title elementor-size-default\">buscamos tu alquiler m\u00e1s r\u00e1pido que nadie!\n<\/h2>\t\t<\/div>\n\t\t\t\t<\/div>\n\t\t\t\t\t<\/div>\n\t\t<\/div>\n\t\t\t\t<div class=\"elementor-column elementor-col-50 elementor-top-column elementor-element elementor-element-4da027bb\" data-id=\"4da027bb\" data-element_type=\"column\">\n\t\t\t<div class=\"elementor-widget-wrap elementor-element-populated\">\n\t\t\t\t\t\t\t\t<div class=\"elementor-element elementor-element-1cd6a6c elementor-align-right elementor-tablet-align-center elementor-widget elementor-widget-button\" data-id=\"1cd6a6c\" data-element_type=\"widget\" data-widget_type=\"button.default\">\n\t\t\t\t<div class=\"elementor-widget-container\">\n\t\t\t\t\t<div class=\"elementor-button-wrapper\">\n\t\t\t<a href=\"http:\/\/adeicasa.com\/#contacto\" class=\"elementor-button-link elementor-button elementor-size-xl elementor-animation-float\" role=\"button\">\n\t\t\t\t\t\t<span class=\"elementor-button-content-wrapper\">\n\t\t\t\t\t\t<span class=\"elementor-button-text\">p\u00eddenos +info<\/span>\n\t\t<\/span>\n\t\t\t\t\t<\/a>\n\t\t<\/div>\n\t\t\t\t<\/div>\n\t\t\t\t<\/div>\n\t\t\t\t\t<\/div>\n\t\t<\/div>\n\t\t\t\t\t\t\t<\/div>\n\t\t<\/section>\n\t\t\t\t\t\t<\/div>\n\t\t\t\t\t<\/div>\n\t\t","protected":false},"excerpt":{"rendered":"<p>Alquiler \u00bfEst\u00e1s harto de tu piso de alquiler y quieres cambiar a otro m\u00e1s c\u00f3modo? \u00bfO lo que quieres es alquilar uno en otra zona que te gusta m\u00e1s? \u00bfYa no entras en los portales inmobiliarios por que nunca encuentras nada y acabas frustrado?Probablemente no tengas tiempo para dedicarlo a una b\u00fasqueda que puede ser &hellip;<\/p>\n<p class=\"read-more\"> <a class=\"\" href=\"https:\/\/www.adeicasa.com\/index.php\/alquiler2\/\"> <span class=\"screen-reader-text\">Alquiler<\/span> Leer m\u00e1s &raquo;<\/a><\/p>\n","protected":false},"author":2,"featured_media":0,"parent":0,"menu_order":0,"comment_status":"closed","ping_status":"closed","template":"elementor_theme","meta":{"site-sidebar-layout":"default","site-content-layout":"default","ast-global-header-display":"","ast-main-header-display":"","ast-hfb-above-header-display":"","ast-hfb-below-header-display":"","ast-hfb-mobile-header-display":"","site-post-title":"","ast-breadcrumbs-content":"","ast-featured-img":"","footer-sml-layout":"","theme-transparent-header-meta":"","adv-header-id-meta":"","stick-header-meta":"","header-above-stick-meta":"","header-main-stick-meta":"","header-below-stick-meta":"","footnotes":""},"class_list":["post-1123","page","type-page","status-publish","hentry"],"_links":{"self":[{"href":"https:\/\/www.adeicasa.com\/index.php\/wp-json\/wp\/v2\/pages\/1123","targetHints":{"allow":["GET"]}}],"collection":[{"href":"https:\/\/www.adeicasa.com\/index.php\/wp-json\/wp\/v2\/pages"}],"about":[{"href":"https:\/\/www.adeicasa.com\/index.php\/wp-json\/wp\/v2\/types\/page"}],"author":[{"embeddable":true,"href":"https:\/\/www.adeicasa.com\/index.php\/wp-json\/wp\/v2\/users\/2"}],"replies":[{"embeddable":true,"href":"https:\/\/www.adeicasa.com\/index.php\/wp-json\/wp\/v2\/comments?post=1123"}],"version-history":[{"count":28,"href":"https:\/\/www.adeicasa.com\/index.php\/wp-json\/wp\/v2\/pages\/1123\/revisions"}],"predecessor-version":[{"id":1381,"href":"https:\/\/www.adeicasa.com\/index.php\/wp-json\/wp\/v2\/pages\/1123\/revisions\/1381"}],"wp:attachment":[{"href":"https:\/\/www.adeicasa.com\/index.php\/wp-json\/wp\/v2\/media?parent=1123"}],"curies":[{"name":"wp","href":"https:\/\/api.w.org\/{rel}","templated":true}]}}