{"id":1161,"date":"2022-04-29T18:25:48","date_gmt":"2022-04-29T18:25:48","guid":{"rendered":"http:\/\/adeicasa.com\/?page_id=1161"},"modified":"2022-07-11T17:28:49","modified_gmt":"2022-07-11T17:28:49","slug":"personal-shopper-inmobiliario","status":"publish","type":"page","link":"https:\/\/www.adeicasa.com\/index.php\/personal-shopper-inmobiliario\/","title":{"rendered":"Personal Shopper Inmobiliario"},"content":{"rendered":"\t\t<div data-elementor-type=\"wp-page\" data-elementor-id=\"1161\" class=\"elementor elementor-1161\" data-elementor-settings=\"[]\">\n\t\t\t\t\t\t\t<div class=\"elementor-section-wrap\">\n\t\t\t\t\t\t\t<section class=\"elementor-section elementor-top-section elementor-element elementor-element-3d182d9 elementor-section-boxed elementor-section-height-default elementor-section-height-default\" data-id=\"3d182d9\" data-element_type=\"section\">\n\t\t\t\t\t\t<div class=\"elementor-container elementor-column-gap-default\">\n\t\t\t\t\t<div class=\"elementor-column elementor-col-100 elementor-top-column elementor-element elementor-element-d26db13\" data-id=\"d26db13\" data-element_type=\"column\">\n\t\t\t<div class=\"elementor-widget-wrap elementor-element-populated\">\n\t\t\t\t\t\t\t\t<div class=\"elementor-element elementor-element-03f5465 elementor-widget elementor-widget-heading\" data-id=\"03f5465\" data-element_type=\"widget\" data-widget_type=\"heading.default\">\n\t\t\t\t<div class=\"elementor-widget-container\">\n\t\t\t<style>\/*! elementor - v3.5.6 - 28-02-2022 *\/\n.elementor-heading-title{padding:0;margin:0;line-height:1}.elementor-widget-heading .elementor-heading-title[class*=elementor-size-]>a{color:inherit;font-size:inherit;line-height:inherit}.elementor-widget-heading .elementor-heading-title.elementor-size-small{font-size:15px}.elementor-widget-heading .elementor-heading-title.elementor-size-medium{font-size:19px}.elementor-widget-heading .elementor-heading-title.elementor-size-large{font-size:29px}.elementor-widget-heading .elementor-heading-title.elementor-size-xl{font-size:39px}.elementor-widget-heading .elementor-heading-title.elementor-size-xxl{font-size:59px}<\/style><h2 class=\"elementor-heading-title elementor-size-default\">Personal Shopper Inmobiliario<\/h2>\t\t<\/div>\n\t\t\t\t<\/div>\n\t\t\t\t<div class=\"elementor-element elementor-element-5af0da5 elementor-widget elementor-widget-text-editor\" data-id=\"5af0da5\" data-element_type=\"widget\" data-widget_type=\"text-editor.default\">\n\t\t\t\t<div class=\"elementor-widget-container\">\n\t\t\t<style>\/*! elementor - v3.5.6 - 28-02-2022 *\/\n.elementor-widget-text-editor.elementor-drop-cap-view-stacked .elementor-drop-cap{background-color:#818a91;color:#fff}.elementor-widget-text-editor.elementor-drop-cap-view-framed .elementor-drop-cap{color:#818a91;border:3px solid;background-color:transparent}.elementor-widget-text-editor:not(.elementor-drop-cap-view-default) .elementor-drop-cap{margin-top:8px}.elementor-widget-text-editor:not(.elementor-drop-cap-view-default) .elementor-drop-cap-letter{width:1em;height:1em}.elementor-widget-text-editor .elementor-drop-cap{float:left;text-align:center;line-height:1;font-size:50px}.elementor-widget-text-editor .elementor-drop-cap-letter{display:inline-block}<\/style>\t\t\t\t<p>El PSI (Personal Shopper Inmobiliario) es un profesional con amplios conocimientos del sector inmobiliario que facilita la adquisici\u00f3n de un inmueble para que el comprador pueda realizar una compra segura y \u00f3ptima, y al mejor precio posible.<\/p><p>Los asesores (PSI) de Adei nos centramos en buscar siempre lo mejor para nuestros clientes asegur\u00e1ndonos de obtener las mejores condiciones y el mejor precio. Escuchamos a cada cliente para conocer sus necesidades, gustos y deseos y encontrar lo que cada uno busca y desea.<br \/>Si cuentas con el Personal Shoopper Inmobiliario de Adei los beneficios ser\u00e1n muchos:<\/p><p>&#8211; Ahorrar\u00e1s tiempo, ya que filtrar\u00e1 la b\u00fasqueda del objetivo para ense\u00f1arte solo lo que te interesa.<\/p><p>&#8211; El PSI conoce el mercado inmobiliario como nadie y cuenta con herramientas inform\u00e1ticas especializadas para monitorizarlo y encontrar el inmueble que mejor se adecue a las necesidades de cada cliente.<\/p><p><br \/>&#8211; Te ayudaremos en la negociaci\u00f3n para obtener las mejores rebajas sobre los precios del mercado, precisamente porque lo conocemos mejor que nadie, y te asegurar\u00e1s de obtener un nuevo hogar sin cargas ni vicios ocultos.<\/p><p>Tambi\u00e9n te ayudar\u00e1 a obtener la mejor financiaci\u00f3n examinando las entidades financieras que m\u00e1s te convengan.<\/p>\t\t\t\t\t\t<\/div>\n\t\t\t\t<\/div>\n\t\t\t\t\t<\/div>\n\t\t<\/div>\n\t\t\t\t\t\t\t<\/div>\n\t\t<\/section>\n\t\t\t\t<section class=\"elementor-section elementor-top-section elementor-element elementor-element-4b2834f6 elementor-section-content-middle elementor-section-boxed elementor-section-height-default elementor-section-height-default\" data-id=\"4b2834f6\" data-element_type=\"section\" data-settings=\"{&quot;background_background&quot;:&quot;classic&quot;}\">\n\t\t\t\t\t\t\t<div class=\"elementor-background-overlay\"><\/div>\n\t\t\t\t\t\t\t<div class=\"elementor-container elementor-column-gap-default\">\n\t\t\t\t\t<div class=\"elementor-column elementor-col-50 elementor-top-column elementor-element elementor-element-19a6eab4\" data-id=\"19a6eab4\" data-element_type=\"column\">\n\t\t\t<div class=\"elementor-widget-wrap elementor-element-populated\">\n\t\t\t\t\t\t\t\t<div class=\"elementor-element elementor-element-5374716e elementor-widget elementor-widget-heading\" data-id=\"5374716e\" data-element_type=\"widget\" data-widget_type=\"heading.default\">\n\t\t\t\t<div class=\"elementor-widget-container\">\n\t\t\t<h5 class=\"elementor-heading-title elementor-size-default\">te ayudamos ya!<\/h5>\t\t<\/div>\n\t\t\t\t<\/div>\n\t\t\t\t<div class=\"elementor-element elementor-element-2664c90d elementor-widget elementor-widget-heading\" data-id=\"2664c90d\" data-element_type=\"widget\" data-widget_type=\"heading.default\">\n\t\t\t\t<div class=\"elementor-widget-container\">\n\t\t\t<h2 class=\"elementor-heading-title elementor-size-default\">Buscamos y encontramos por ti!\n<\/h2>\t\t<\/div>\n\t\t\t\t<\/div>\n\t\t\t\t\t<\/div>\n\t\t<\/div>\n\t\t\t\t<div class=\"elementor-column elementor-col-50 elementor-top-column elementor-element elementor-element-4da027bb\" data-id=\"4da027bb\" data-element_type=\"column\">\n\t\t\t<div class=\"elementor-widget-wrap elementor-element-populated\">\n\t\t\t\t\t\t\t\t<div class=\"elementor-element elementor-element-6243576 elementor-align-right elementor-tablet-align-center elementor-widget elementor-widget-button\" data-id=\"6243576\" data-element_type=\"widget\" data-widget_type=\"button.default\">\n\t\t\t\t<div class=\"elementor-widget-container\">\n\t\t\t\t\t<div class=\"elementor-button-wrapper\">\n\t\t\t<a href=\"http:\/\/adeicasa.com\/#contacto\" class=\"elementor-button-link elementor-button elementor-size-xl elementor-animation-float\" role=\"button\">\n\t\t\t\t\t\t<span class=\"elementor-button-content-wrapper\">\n\t\t\t\t\t\t<span class=\"elementor-button-text\">p\u00eddenos +info<\/span>\n\t\t<\/span>\n\t\t\t\t\t<\/a>\n\t\t<\/div>\n\t\t\t\t<\/div>\n\t\t\t\t<\/div>\n\t\t\t\t\t<\/div>\n\t\t<\/div>\n\t\t\t\t\t\t\t<\/div>\n\t\t<\/section>\n\t\t\t\t<section class=\"elementor-section elementor-top-section elementor-element elementor-element-c125724 elementor-section-boxed elementor-section-height-default elementor-section-height-default\" data-id=\"c125724\" data-element_type=\"section\">\n\t\t\t\t\t\t<div class=\"elementor-container elementor-column-gap-default\">\n\t\t\t\t\t<div class=\"elementor-column elementor-col-100 elementor-top-column elementor-element elementor-element-3981ed9\" data-id=\"3981ed9\" data-element_type=\"column\">\n\t\t\t<div class=\"elementor-widget-wrap elementor-element-populated\">\n\t\t\t\t\t\t\t\t<div class=\"elementor-element elementor-element-9d871b3 elementor-widget elementor-widget-spacer\" data-id=\"9d871b3\" data-element_type=\"widget\" data-widget_type=\"spacer.default\">\n\t\t\t\t<div class=\"elementor-widget-container\">\n\t\t\t\t\t<div class=\"elementor-spacer\">\n\t\t\t<div class=\"elementor-spacer-inner\"><\/div>\n\t\t<\/div>\n\t\t\t\t<\/div>\n\t\t\t\t<\/div>\n\t\t\t\t<div class=\"elementor-element elementor-element-392511f elementor-widget elementor-widget-image\" data-id=\"392511f\" data-element_type=\"widget\" data-widget_type=\"image.default\">\n\t\t\t\t<div class=\"elementor-widget-container\">\n\t\t\t<style>\/*! elementor - v3.5.6 - 28-02-2022 *\/\n.elementor-widget-image{text-align:center}.elementor-widget-image a{display:inline-block}.elementor-widget-image a img[src$=\".svg\"]{width:48px}.elementor-widget-image img{vertical-align:middle;display:inline-block}<\/style>\t\t\t\t\t\t\t\t\t\t\t\t<img loading=\"lazy\" decoding=\"async\" width=\"1024\" height=\"408\" src=\"https:\/\/www.adeicasa.com\/wp-content\/uploads\/2022\/04\/make-offer-house-1024x640-1.jpg\" class=\"attachment-large size-large\" alt=\"\" srcset=\"https:\/\/www.adeicasa.com\/wp-content\/uploads\/2022\/04\/make-offer-house-1024x640-1.jpg 1024w, https:\/\/www.adeicasa.com\/wp-content\/uploads\/2022\/04\/make-offer-house-1024x640-1-300x120.jpg 300w, https:\/\/www.adeicasa.com\/wp-content\/uploads\/2022\/04\/make-offer-house-1024x640-1-768x306.jpg 768w, https:\/\/www.adeicasa.com\/wp-content\/uploads\/2022\/04\/make-offer-house-1024x640-1-570x227.jpg 570w, https:\/\/www.adeicasa.com\/wp-content\/uploads\/2022\/04\/make-offer-house-1024x640-1-270x108.jpg 270w\" sizes=\"auto, (max-width: 1024px) 100vw, 1024px\" \/>\t\t\t\t\t\t\t\t\t\t\t\t\t\t\t<\/div>\n\t\t\t\t<\/div>\n\t\t\t\t<div class=\"elementor-element elementor-element-f9add12 elementor-widget elementor-widget-spacer\" data-id=\"f9add12\" data-element_type=\"widget\" data-widget_type=\"spacer.default\">\n\t\t\t\t<div class=\"elementor-widget-container\">\n\t\t\t\t\t<div class=\"elementor-spacer\">\n\t\t\t<div class=\"elementor-spacer-inner\"><\/div>\n\t\t<\/div>\n\t\t\t\t<\/div>\n\t\t\t\t<\/div>\n\t\t\t\t\t<\/div>\n\t\t<\/div>\n\t\t\t\t\t\t\t<\/div>\n\t\t<\/section>\n\t\t\t\t<section class=\"elementor-section elementor-top-section elementor-element elementor-element-921c24e elementor-section-boxed elementor-section-height-default elementor-section-height-default\" data-id=\"921c24e\" data-element_type=\"section\">\n\t\t\t\t\t\t<div class=\"elementor-container elementor-column-gap-default\">\n\t\t\t\t\t<div class=\"elementor-column elementor-col-100 elementor-top-column elementor-element elementor-element-6d93d9d\" data-id=\"6d93d9d\" data-element_type=\"column\">\n\t\t\t<div class=\"elementor-widget-wrap elementor-element-populated\">\n\t\t\t\t\t\t\t\t<div class=\"elementor-element elementor-element-29bcc3e elementor-widget elementor-widget-text-editor\" data-id=\"29bcc3e\" data-element_type=\"widget\" data-widget_type=\"text-editor.default\">\n\t\t\t\t<div class=\"elementor-widget-container\">\n\t\t\t\t\t\t\t<p>Los Personal Shopper Inmobiliarios de Adei defender\u00e1n siempre los \nintereses de cada uno de nuestros clientes hasta encontrar la vivienda \nadecuada con las mejores condiciones, contando con toda su formaci\u00f3n y \nexperiencia para lograrlo.<\/p>\n<p>Adem\u00e1s, la labor del PSI no acaba con la firma de la compra del \ninmueble. Ofrecemos un servicio post venta para asesorar en los tr\u00e1mites\n como cambios de titular, alta de suministros energ\u00e9ticos o de \ntelecomunicaciones, notar\u00eda&#8230; Como veis desde Adei no dejamos ning\u00fan \nhilo suelto, te ayudamos de principio a fin, y adem\u00e1s, como somos \ndecoradores e interioritas te ofrecemos la posibilidad de hacer con \nnosotros la reforma que necesites en tu nuevo hogar.<\/p>\t\t\t\t\t\t<\/div>\n\t\t\t\t<\/div>\n\t\t\t\t\t<\/div>\n\t\t<\/div>\n\t\t\t\t\t\t\t<\/div>\n\t\t<\/section>\n\t\t\t\t\t\t<\/div>\n\t\t\t\t\t<\/div>\n\t\t","protected":false},"excerpt":{"rendered":"<p>Personal Shopper Inmobiliario El PSI (Personal Shopper Inmobiliario) es un profesional con amplios conocimientos del sector inmobiliario que facilita la adquisici\u00f3n de un inmueble para que el comprador pueda realizar una compra segura y \u00f3ptima, y al mejor precio posible. Los asesores (PSI) de Adei nos centramos en buscar siempre lo mejor para nuestros clientes &hellip;<\/p>\n<p class=\"read-more\"> <a class=\"\" href=\"https:\/\/www.adeicasa.com\/index.php\/personal-shopper-inmobiliario\/\"> <span class=\"screen-reader-text\">Personal Shopper Inmobiliario<\/span> Leer m\u00e1s &raquo;<\/a><\/p>\n","protected":false},"author":2,"featured_media":0,"parent":0,"menu_order":0,"comment_status":"closed","ping_status":"closed","template":"elementor_theme","meta":{"site-sidebar-layout":"default","site-content-layout":"default","ast-global-header-display":"","ast-main-header-display":"","ast-hfb-above-header-display":"","ast-hfb-below-header-display":"","ast-hfb-mobile-header-display":"","site-post-title":"","ast-breadcrumbs-content":"","ast-featured-img":"","footer-sml-layout":"","theme-transparent-header-meta":"","adv-header-id-meta":"","stick-header-meta":"","header-above-stick-meta":"","header-main-stick-meta":"","header-below-stick-meta":"","footnotes":""},"class_list":["post-1161","page","type-page","status-publish","hentry"],"_links":{"self":[{"href":"https:\/\/www.adeicasa.com\/index.php\/wp-json\/wp\/v2\/pages\/1161","targetHints":{"allow":["GET"]}}],"collection":[{"href":"https:\/\/www.adeicasa.com\/index.php\/wp-json\/wp\/v2\/pages"}],"about":[{"href":"https:\/\/www.adeicasa.com\/index.php\/wp-json\/wp\/v2\/types\/page"}],"author":[{"embeddable":true,"href":"https:\/\/www.adeicasa.com\/index.php\/wp-json\/wp\/v2\/users\/2"}],"replies":[{"embeddable":true,"href":"https:\/\/www.adeicasa.com\/index.php\/wp-json\/wp\/v2\/comments?post=1161"}],"version-history":[{"count":31,"href":"https:\/\/www.adeicasa.com\/index.php\/wp-json\/wp\/v2\/pages\/1161\/revisions"}],"predecessor-version":[{"id":1370,"href":"https:\/\/www.adeicasa.com\/index.php\/wp-json\/wp\/v2\/pages\/1161\/revisions\/1370"}],"wp:attachment":[{"href":"https:\/\/www.adeicasa.com\/index.php\/wp-json\/wp\/v2\/media?parent=1161"}],"curies":[{"name":"wp","href":"https:\/\/api.w.org\/{rel}","templated":true}]}}