{"id":1182,"date":"2022-04-29T18:45:08","date_gmt":"2022-04-29T18:45:08","guid":{"rendered":"http:\/\/adeicasa.com\/?page_id=1182"},"modified":"2022-07-11T17:29:24","modified_gmt":"2022-07-11T17:29:24","slug":"reformas","status":"publish","type":"page","link":"https:\/\/www.adeicasa.com\/index.php\/reformas\/","title":{"rendered":"Reformas"},"content":{"rendered":"\t\t<div data-elementor-type=\"wp-page\" data-elementor-id=\"1182\" class=\"elementor elementor-1182\" data-elementor-settings=\"[]\">\n\t\t\t\t\t\t\t<div class=\"elementor-section-wrap\">\n\t\t\t\t\t\t\t<section class=\"elementor-section elementor-top-section elementor-element elementor-element-3d182d9 elementor-section-boxed elementor-section-height-default elementor-section-height-default\" data-id=\"3d182d9\" data-element_type=\"section\">\n\t\t\t\t\t\t<div class=\"elementor-container elementor-column-gap-default\">\n\t\t\t\t\t<div class=\"elementor-column elementor-col-100 elementor-top-column elementor-element elementor-element-d26db13\" data-id=\"d26db13\" data-element_type=\"column\">\n\t\t\t<div class=\"elementor-widget-wrap elementor-element-populated\">\n\t\t\t\t\t\t\t\t<div class=\"elementor-element elementor-element-03f5465 elementor-widget elementor-widget-heading\" data-id=\"03f5465\" data-element_type=\"widget\" data-widget_type=\"heading.default\">\n\t\t\t\t<div class=\"elementor-widget-container\">\n\t\t\t<style>\/*! elementor - v3.5.6 - 28-02-2022 *\/\n.elementor-heading-title{padding:0;margin:0;line-height:1}.elementor-widget-heading .elementor-heading-title[class*=elementor-size-]>a{color:inherit;font-size:inherit;line-height:inherit}.elementor-widget-heading .elementor-heading-title.elementor-size-small{font-size:15px}.elementor-widget-heading .elementor-heading-title.elementor-size-medium{font-size:19px}.elementor-widget-heading .elementor-heading-title.elementor-size-large{font-size:29px}.elementor-widget-heading .elementor-heading-title.elementor-size-xl{font-size:39px}.elementor-widget-heading .elementor-heading-title.elementor-size-xxl{font-size:59px}<\/style><h2 class=\"elementor-heading-title elementor-size-default\">Reformas<\/h2>\t\t<\/div>\n\t\t\t\t<\/div>\n\t\t\t\t<div class=\"elementor-element elementor-element-5af0da5 elementor-widget elementor-widget-text-editor\" data-id=\"5af0da5\" data-element_type=\"widget\" data-widget_type=\"text-editor.default\">\n\t\t\t\t<div class=\"elementor-widget-container\">\n\t\t\t<style>\/*! elementor - v3.5.6 - 28-02-2022 *\/\n.elementor-widget-text-editor.elementor-drop-cap-view-stacked .elementor-drop-cap{background-color:#818a91;color:#fff}.elementor-widget-text-editor.elementor-drop-cap-view-framed .elementor-drop-cap{color:#818a91;border:3px solid;background-color:transparent}.elementor-widget-text-editor:not(.elementor-drop-cap-view-default) .elementor-drop-cap{margin-top:8px}.elementor-widget-text-editor:not(.elementor-drop-cap-view-default) .elementor-drop-cap-letter{width:1em;height:1em}.elementor-widget-text-editor .elementor-drop-cap{float:left;text-align:center;line-height:1;font-size:50px}.elementor-widget-text-editor .elementor-drop-cap-letter{display:inline-block}<\/style>\t\t\t\t<p>\u00bfQuieres reformar alguna parte de tu casa para hacerla m\u00e1s c\u00f3moda o simplemente para que se adapte mejor a ti? Desde Adei te ayudaremos a lograrlo. Lograr un espacio en el que te sientas a gusto es importante ya que cada vez pasamos m\u00e1s tiempo en casa y queremos confort y comodidad.<\/p><p>Tanto si lo que quieres es una reforma integral, una reforma parcial, de un local o de una comunidad, cuenta con Adei. Si piensas en cambiar la cocina, reformar el ba\u00f1o o simplemente redecorar, cuenta con Adei. No tendr\u00e1s que preocuparte por nada, desde Adei organizaremos todo, t\u00fa solo tendr\u00e1s que elegir y dar el visto bueno, sin ensuciarte las manos. Desde la mudanza hasta la limpieza final, te ofrecemos un servicio completo para cubrir todas tus necesidades.<\/p><p>Trabajamos con un excelente equipo de profesionales de cada gremio y tambi\u00e9n contamos con las marcas m\u00e1s punteras del mercado para ofrecerte lo que necesites en cada reforma. Estamos siempre atentos a lo \u00faltimo en el mercado para aportar soluciones modernas y sorprendentes: nuevas formas de aprovechar el espacio, nuevos materiales, nuevas soluciones&#8230;<\/p><p>Desde Adei hemos aportado y aportamos soluciones a cualquier proyecto que nos presentan. Los \u00faltimos retos a los que nos hemos enfrentado han sido tratamientos contra humedad, trabajos verticales, cambiar suelos de madera, impermeabilizaci\u00f3n de cubiertas, carpinter\u00eda de aluminio y madera, paredes de piedra, cerramientos en vidrio, alba\u00f1iler\u00eda y enfoscados, aislamientos t\u00e9rmicos y ac\u00fasticos, pintura mural,&#8230; Como veis retos muy diversos a los que hacemos frente siempre con compromiso y seriedad, poniendo todas nuestras ganas en cada trabajo.<\/p><p>Nuestra experiencia nos permite optimizar los tiempos de ejecuci\u00f3n para finalizar cuanto antes cada reforma. No tendr\u00e1s que estar atento al ritmo de los trabajos ni vigilar a cada gremios, para eso est\u00e1 Adei y nuestros personal, para que al final de cada reforma entres solo a disfrutar de tu nuevo espacio.<\/p>\t\t\t\t\t\t<\/div>\n\t\t\t\t<\/div>\n\t\t\t\t\t<\/div>\n\t\t<\/div>\n\t\t\t\t\t\t\t<\/div>\n\t\t<\/section>\n\t\t\t\t<section class=\"elementor-section elementor-top-section elementor-element elementor-element-4b2834f6 elementor-section-content-middle elementor-section-boxed elementor-section-height-default elementor-section-height-default\" data-id=\"4b2834f6\" data-element_type=\"section\" data-settings=\"{&quot;background_background&quot;:&quot;classic&quot;}\">\n\t\t\t\t\t\t\t<div class=\"elementor-background-overlay\"><\/div>\n\t\t\t\t\t\t\t<div class=\"elementor-container elementor-column-gap-default\">\n\t\t\t\t\t<div class=\"elementor-column elementor-col-50 elementor-top-column elementor-element elementor-element-19a6eab4\" data-id=\"19a6eab4\" data-element_type=\"column\">\n\t\t\t<div class=\"elementor-widget-wrap elementor-element-populated\">\n\t\t\t\t\t\t\t\t<div class=\"elementor-element elementor-element-5374716e elementor-widget elementor-widget-heading\" data-id=\"5374716e\" data-element_type=\"widget\" data-widget_type=\"heading.default\">\n\t\t\t\t<div class=\"elementor-widget-container\">\n\t\t\t<h5 class=\"elementor-heading-title elementor-size-default\">NO ESPERES M\u00c1S<\/h5>\t\t<\/div>\n\t\t\t\t<\/div>\n\t\t\t\t<div class=\"elementor-element elementor-element-2664c90d elementor-widget elementor-widget-heading\" data-id=\"2664c90d\" data-element_type=\"widget\" data-widget_type=\"heading.default\">\n\t\t\t\t<div class=\"elementor-widget-container\">\n\t\t\t<h2 class=\"elementor-heading-title elementor-size-default\">Vende m\u00e1s r\u00e1pido! y con m\u00e1s beneficio!\n<\/h2>\t\t<\/div>\n\t\t\t\t<\/div>\n\t\t\t\t\t<\/div>\n\t\t<\/div>\n\t\t\t\t<div class=\"elementor-column elementor-col-50 elementor-top-column elementor-element elementor-element-4da027bb\" data-id=\"4da027bb\" data-element_type=\"column\">\n\t\t\t<div class=\"elementor-widget-wrap elementor-element-populated\">\n\t\t\t\t\t\t\t\t<div class=\"elementor-element elementor-element-1cc90c9 elementor-align-right elementor-tablet-align-center elementor-widget elementor-widget-button\" data-id=\"1cc90c9\" data-element_type=\"widget\" data-widget_type=\"button.default\">\n\t\t\t\t<div class=\"elementor-widget-container\">\n\t\t\t\t\t<div class=\"elementor-button-wrapper\">\n\t\t\t<a href=\"http:\/\/adeicasa.com\/#contacto\" class=\"elementor-button-link elementor-button elementor-size-xl elementor-animation-float\" role=\"button\">\n\t\t\t\t\t\t<span class=\"elementor-button-content-wrapper\">\n\t\t\t\t\t\t<span class=\"elementor-button-text\">p\u00eddenos +info<\/span>\n\t\t<\/span>\n\t\t\t\t\t<\/a>\n\t\t<\/div>\n\t\t\t\t<\/div>\n\t\t\t\t<\/div>\n\t\t\t\t\t<\/div>\n\t\t<\/div>\n\t\t\t\t\t\t\t<\/div>\n\t\t<\/section>\n\t\t\t\t<section class=\"elementor-section elementor-top-section elementor-element elementor-element-df0cff6 elementor-section-boxed elementor-section-height-default elementor-section-height-default\" data-id=\"df0cff6\" data-element_type=\"section\">\n\t\t\t\t\t\t<div class=\"elementor-container elementor-column-gap-default\">\n\t\t\t\t\t<div class=\"elementor-column elementor-col-100 elementor-top-column elementor-element elementor-element-172566f\" data-id=\"172566f\" data-element_type=\"column\">\n\t\t\t<div class=\"elementor-widget-wrap elementor-element-populated\">\n\t\t\t\t\t\t\t\t<div class=\"elementor-element elementor-element-1411008 elementor-widget elementor-widget-image\" data-id=\"1411008\" data-element_type=\"widget\" data-widget_type=\"image.default\">\n\t\t\t\t<div class=\"elementor-widget-container\">\n\t\t\t<style>\/*! elementor - v3.5.6 - 28-02-2022 *\/\n.elementor-widget-image{text-align:center}.elementor-widget-image a{display:inline-block}.elementor-widget-image a img[src$=\".svg\"]{width:48px}.elementor-widget-image img{vertical-align:middle;display:inline-block}<\/style>\t\t\t\t\t\t\t\t\t\t\t\t<img loading=\"lazy\" decoding=\"async\" width=\"770\" height=\"260\" src=\"https:\/\/www.adeicasa.com\/wp-content\/uploads\/2022\/04\/Renovation.jpg\" class=\"attachment-1536x1536 size-1536x1536\" alt=\"\" srcset=\"https:\/\/www.adeicasa.com\/wp-content\/uploads\/2022\/04\/Renovation.jpg 770w, https:\/\/www.adeicasa.com\/wp-content\/uploads\/2022\/04\/Renovation-300x101.jpg 300w, https:\/\/www.adeicasa.com\/wp-content\/uploads\/2022\/04\/Renovation-768x259.jpg 768w, https:\/\/www.adeicasa.com\/wp-content\/uploads\/2022\/04\/Renovation-570x192.jpg 570w, https:\/\/www.adeicasa.com\/wp-content\/uploads\/2022\/04\/Renovation-270x91.jpg 270w\" sizes=\"auto, (max-width: 770px) 100vw, 770px\" \/>\t\t\t\t\t\t\t\t\t\t\t\t\t\t\t<\/div>\n\t\t\t\t<\/div>\n\t\t\t\t<div class=\"elementor-element elementor-element-63310b1 elementor-widget elementor-widget-spacer\" data-id=\"63310b1\" data-element_type=\"widget\" data-widget_type=\"spacer.default\">\n\t\t\t\t<div class=\"elementor-widget-container\">\n\t\t\t\t\t<div class=\"elementor-spacer\">\n\t\t\t<div class=\"elementor-spacer-inner\"><\/div>\n\t\t<\/div>\n\t\t\t\t<\/div>\n\t\t\t\t<\/div>\n\t\t\t\t\t<\/div>\n\t\t<\/div>\n\t\t\t\t\t\t\t<\/div>\n\t\t<\/section>\n\t\t\t\t\t\t<\/div>\n\t\t\t\t\t<\/div>\n\t\t","protected":false},"excerpt":{"rendered":"<p>Reformas \u00bfQuieres reformar alguna parte de tu casa para hacerla m\u00e1s c\u00f3moda o simplemente para que se adapte mejor a ti? Desde Adei te ayudaremos a lograrlo. Lograr un espacio en el que te sientas a gusto es importante ya que cada vez pasamos m\u00e1s tiempo en casa y queremos confort y comodidad. Tanto si &hellip;<\/p>\n<p class=\"read-more\"> <a class=\"\" href=\"https:\/\/www.adeicasa.com\/index.php\/reformas\/\"> <span class=\"screen-reader-text\">Reformas<\/span> Leer m\u00e1s &raquo;<\/a><\/p>\n","protected":false},"author":2,"featured_media":0,"parent":0,"menu_order":0,"comment_status":"closed","ping_status":"closed","template":"","meta":{"site-sidebar-layout":"default","site-content-layout":"default","ast-global-header-display":"","ast-main-header-display":"","ast-hfb-above-header-display":"","ast-hfb-below-header-display":"","ast-hfb-mobile-header-display":"","site-post-title":"","ast-breadcrumbs-content":"","ast-featured-img":"","footer-sml-layout":"","theme-transparent-header-meta":"","adv-header-id-meta":"","stick-header-meta":"","header-above-stick-meta":"","header-main-stick-meta":"","header-below-stick-meta":"","footnotes":""},"class_list":["post-1182","page","type-page","status-publish","hentry"],"_links":{"self":[{"href":"https:\/\/www.adeicasa.com\/index.php\/wp-json\/wp\/v2\/pages\/1182","targetHints":{"allow":["GET"]}}],"collection":[{"href":"https:\/\/www.adeicasa.com\/index.php\/wp-json\/wp\/v2\/pages"}],"about":[{"href":"https:\/\/www.adeicasa.com\/index.php\/wp-json\/wp\/v2\/types\/page"}],"author":[{"embeddable":true,"href":"https:\/\/www.adeicasa.com\/index.php\/wp-json\/wp\/v2\/users\/2"}],"replies":[{"embeddable":true,"href":"https:\/\/www.adeicasa.com\/index.php\/wp-json\/wp\/v2\/comments?post=1182"}],"version-history":[{"count":19,"href":"https:\/\/www.adeicasa.com\/index.php\/wp-json\/wp\/v2\/pages\/1182\/revisions"}],"predecessor-version":[{"id":1373,"href":"https:\/\/www.adeicasa.com\/index.php\/wp-json\/wp\/v2\/pages\/1182\/revisions\/1373"}],"wp:attachment":[{"href":"https:\/\/www.adeicasa.com\/index.php\/wp-json\/wp\/v2\/media?parent=1182"}],"curies":[{"name":"wp","href":"https:\/\/api.w.org\/{rel}","templated":true}]}}