{"id":52,"date":"2022-03-10T19:03:37","date_gmt":"2022-03-10T19:03:37","guid":{"rendered":"http:\/\/adeicasa.com\/?page_id=52"},"modified":"2022-07-11T17:27:28","modified_gmt":"2022-07-11T17:27:28","slug":"home-staging","status":"publish","type":"page","link":"https:\/\/www.adeicasa.com\/index.php\/home-staging\/","title":{"rendered":"Home Staging"},"content":{"rendered":"\t\t<div data-elementor-type=\"wp-page\" data-elementor-id=\"52\" class=\"elementor elementor-52\" data-elementor-settings=\"[]\">\n\t\t\t\t\t\t\t<div class=\"elementor-section-wrap\">\n\t\t\t\t\t\t\t<section class=\"elementor-section elementor-top-section elementor-element elementor-element-3d182d9 elementor-section-boxed elementor-section-height-default elementor-section-height-default\" data-id=\"3d182d9\" data-element_type=\"section\">\n\t\t\t\t\t\t<div class=\"elementor-container elementor-column-gap-default\">\n\t\t\t\t\t<div class=\"elementor-column elementor-col-100 elementor-top-column elementor-element elementor-element-d26db13\" data-id=\"d26db13\" data-element_type=\"column\">\n\t\t\t<div class=\"elementor-widget-wrap elementor-element-populated\">\n\t\t\t\t\t\t\t\t<div class=\"elementor-element elementor-element-03f5465 elementor-widget elementor-widget-heading\" data-id=\"03f5465\" data-element_type=\"widget\" data-widget_type=\"heading.default\">\n\t\t\t\t<div class=\"elementor-widget-container\">\n\t\t\t<style>\/*! elementor - v3.5.6 - 28-02-2022 *\/\n.elementor-heading-title{padding:0;margin:0;line-height:1}.elementor-widget-heading .elementor-heading-title[class*=elementor-size-]>a{color:inherit;font-size:inherit;line-height:inherit}.elementor-widget-heading .elementor-heading-title.elementor-size-small{font-size:15px}.elementor-widget-heading .elementor-heading-title.elementor-size-medium{font-size:19px}.elementor-widget-heading .elementor-heading-title.elementor-size-large{font-size:29px}.elementor-widget-heading .elementor-heading-title.elementor-size-xl{font-size:39px}.elementor-widget-heading .elementor-heading-title.elementor-size-xxl{font-size:59px}<\/style><h2 class=\"elementor-heading-title elementor-size-default\">Home Staging<\/h2>\t\t<\/div>\n\t\t\t\t<\/div>\n\t\t\t\t<div class=\"elementor-element elementor-element-5af0da5 elementor-widget elementor-widget-text-editor\" data-id=\"5af0da5\" data-element_type=\"widget\" data-widget_type=\"text-editor.default\">\n\t\t\t\t<div class=\"elementor-widget-container\">\n\t\t\t<style>\/*! elementor - v3.5.6 - 28-02-2022 *\/\n.elementor-widget-text-editor.elementor-drop-cap-view-stacked .elementor-drop-cap{background-color:#818a91;color:#fff}.elementor-widget-text-editor.elementor-drop-cap-view-framed .elementor-drop-cap{color:#818a91;border:3px solid;background-color:transparent}.elementor-widget-text-editor:not(.elementor-drop-cap-view-default) .elementor-drop-cap{margin-top:8px}.elementor-widget-text-editor:not(.elementor-drop-cap-view-default) .elementor-drop-cap-letter{width:1em;height:1em}.elementor-widget-text-editor .elementor-drop-cap{float:left;text-align:center;line-height:1;font-size:50px}.elementor-widget-text-editor .elementor-drop-cap-letter{display:inline-block}<\/style>\t\t\t\t<p style=\"text-align: left;\"><span style=\"color: #000000;\">La principal finalidad del home stager es alquilar o vender una vivienda en el menor tiempo posible. La preparamos para que guste al mayor n\u00famero de personas y para que el tiempo de compraventa se reduzca.<\/span><\/p><p><span style=\"color: #000000;\">Mejorar la imagen de las viviendas significa reorganizar y decorar el espacio, pero no como lo hace un decorador, teniendo en cuenta los gustos personales de cada inquilino o propietario. Lo que el home staging pretende es mostrar un estilo de vida real, un lugar funcional, de revista, sin detalles personales, donde cualquier persona pueda verse viviendo en ella.<\/span><\/p><p><span style=\"color: #000000;\">Intentamos utilizar y reutilizar todos los recursos que ofrezca la vivienda para que el cost\u00e9 sea el menor posible: reutilizamos muebles, retapizamos, pintamos con colores neutros, limpiar, despejar, reciclar&#8230;<\/span><\/p><p><span style=\"color: #000000;\">Un buen reportaje fotogr\u00e1fico y la presentaci\u00f3n del lugar har\u00e1 que, primero, atraiga la atenci\u00f3n de m\u00e1s p\u00fablico en los portales inmobiliarios con los que trabajemos y segundo, que las visitas sean m\u00e1s productivas. Es decir, no agotaremos la casa con visitas y visitas que no susciten ning\u00fan inter\u00e9s y tengamos que bajar el precio r\u00e1pidamente.<\/span><\/p><p><span style=\"color: #000000;\">Si tenemos en cuenta que las bajadas de precio suelen ser de 5.000 \u00f3 10.000\u20ac, y que la inversi\u00f3n en un proyecto de home staging no suele suponer esas cantidades, nos sale a cuenta realizar una peque\u00f1a inversi\u00f3n para lograr nuestros objetivo lo antes posible.<\/span><\/p><p><span style=\"color: #000000;\">A trav\u00e9s del home staging tu vivienda se va a diferenciar del resto de viviendas en venta o alquiler de tu entorno. Va a ganar en n\u00famero de visitas y se va a reducir el tiempo de venta o alquiler entre un 65 y un 85%. Una de las consecuencias m\u00e1s importas del home staging es que el valor de venta tambi\u00e9n se ver\u00e1 incrementado. El 75% de las viviendas en Estados Unidos pasan por el home staging obteniendo todos estos beneficios.<\/span><\/p>\t\t\t\t\t\t<\/div>\n\t\t\t\t<\/div>\n\t\t\t\t\t<\/div>\n\t\t<\/div>\n\t\t\t\t\t\t\t<\/div>\n\t\t<\/section>\n\t\t\t\t<section class=\"elementor-section elementor-top-section elementor-element elementor-element-4b2834f6 elementor-section-content-middle elementor-section-boxed elementor-section-height-default elementor-section-height-default\" data-id=\"4b2834f6\" data-element_type=\"section\" data-settings=\"{&quot;background_background&quot;:&quot;classic&quot;}\">\n\t\t\t\t\t\t\t<div class=\"elementor-background-overlay\"><\/div>\n\t\t\t\t\t\t\t<div class=\"elementor-container elementor-column-gap-default\">\n\t\t\t\t\t<div class=\"elementor-column elementor-col-50 elementor-top-column elementor-element elementor-element-19a6eab4\" data-id=\"19a6eab4\" data-element_type=\"column\">\n\t\t\t<div class=\"elementor-widget-wrap elementor-element-populated\">\n\t\t\t\t\t\t\t\t<div class=\"elementor-element elementor-element-5374716e elementor-widget elementor-widget-heading\" data-id=\"5374716e\" data-element_type=\"widget\" data-widget_type=\"heading.default\">\n\t\t\t\t<div class=\"elementor-widget-container\">\n\t\t\t<h5 class=\"elementor-heading-title elementor-size-default\">NO ESPERES M\u00c1S<\/h5>\t\t<\/div>\n\t\t\t\t<\/div>\n\t\t\t\t<div class=\"elementor-element elementor-element-2664c90d elementor-widget elementor-widget-heading\" data-id=\"2664c90d\" data-element_type=\"widget\" data-widget_type=\"heading.default\">\n\t\t\t\t<div class=\"elementor-widget-container\">\n\t\t\t<h2 class=\"elementor-heading-title elementor-size-default\">Vende m\u00e1s r\u00e1pido! y con m\u00e1s beneficio!\n<\/h2>\t\t<\/div>\n\t\t\t\t<\/div>\n\t\t\t\t\t<\/div>\n\t\t<\/div>\n\t\t\t\t<div class=\"elementor-column elementor-col-50 elementor-top-column elementor-element elementor-element-4da027bb\" data-id=\"4da027bb\" data-element_type=\"column\">\n\t\t\t<div class=\"elementor-widget-wrap elementor-element-populated\">\n\t\t\t\t\t\t\t\t<div class=\"elementor-element elementor-element-fa77b1e elementor-align-right elementor-tablet-align-center elementor-widget elementor-widget-button\" data-id=\"fa77b1e\" data-element_type=\"widget\" data-widget_type=\"button.default\">\n\t\t\t\t<div class=\"elementor-widget-container\">\n\t\t\t\t\t<div class=\"elementor-button-wrapper\">\n\t\t\t<a href=\"http:\/\/adeicasa.com\/#contacto\" class=\"elementor-button-link elementor-button elementor-size-xl elementor-animation-float\" role=\"button\">\n\t\t\t\t\t\t<span class=\"elementor-button-content-wrapper\">\n\t\t\t\t\t\t<span class=\"elementor-button-text\">p\u00eddenos +info<\/span>\n\t\t<\/span>\n\t\t\t\t\t<\/a>\n\t\t<\/div>\n\t\t\t\t<\/div>\n\t\t\t\t<\/div>\n\t\t\t\t\t<\/div>\n\t\t<\/div>\n\t\t\t\t\t\t\t<\/div>\n\t\t<\/section>\n\t\t\t\t<section class=\"elementor-section elementor-top-section elementor-element elementor-element-ddf9ef7 elementor-section-boxed elementor-section-height-default elementor-section-height-default\" data-id=\"ddf9ef7\" data-element_type=\"section\">\n\t\t\t\t\t\t<div class=\"elementor-container elementor-column-gap-default\">\n\t\t\t\t\t<div class=\"elementor-column elementor-col-50 elementor-top-column elementor-element elementor-element-944495a\" data-id=\"944495a\" data-element_type=\"column\">\n\t\t\t<div class=\"elementor-widget-wrap elementor-element-populated\">\n\t\t\t\t\t\t\t\t<div class=\"elementor-element elementor-element-ad6ecdf elementor-widget elementor-widget-image\" data-id=\"ad6ecdf\" data-element_type=\"widget\" data-widget_type=\"image.default\">\n\t\t\t\t<div class=\"elementor-widget-container\">\n\t\t\t<style>\/*! elementor - v3.5.6 - 28-02-2022 *\/\n.elementor-widget-image{text-align:center}.elementor-widget-image a{display:inline-block}.elementor-widget-image a img[src$=\".svg\"]{width:48px}.elementor-widget-image img{vertical-align:middle;display:inline-block}<\/style>\t\t\t\t\t\t\t\t\t<figure class=\"wp-caption\">\n\t\t\t\t\t\t\t\t\t\t<img loading=\"lazy\" decoding=\"async\" width=\"431\" height=\"339\" src=\"https:\/\/www.adeicasa.com\/wp-content\/uploads\/2022\/04\/before.jpg\" class=\"attachment-large size-large\" alt=\"\" srcset=\"https:\/\/www.adeicasa.com\/wp-content\/uploads\/2022\/04\/before.jpg 431w, https:\/\/www.adeicasa.com\/wp-content\/uploads\/2022\/04\/before-300x236.jpg 300w, https:\/\/www.adeicasa.com\/wp-content\/uploads\/2022\/04\/before-420x330.jpg 420w, https:\/\/www.adeicasa.com\/wp-content\/uploads\/2022\/04\/before-229x180.jpg 229w\" sizes=\"auto, (max-width: 431px) 100vw, 431px\" \/>\t\t\t\t\t\t\t\t\t\t\t<figcaption class=\"widget-image-caption wp-caption-text\"><\/figcaption>\n\t\t\t\t\t\t\t\t\t\t<\/figure>\n\t\t\t\t\t\t\t\t\t<\/div>\n\t\t\t\t<\/div>\n\t\t\t\t\t<\/div>\n\t\t<\/div>\n\t\t\t\t<div class=\"elementor-column elementor-col-50 elementor-top-column elementor-element elementor-element-fd67fb3\" data-id=\"fd67fb3\" data-element_type=\"column\">\n\t\t\t<div class=\"elementor-widget-wrap elementor-element-populated\">\n\t\t\t\t\t\t\t\t<div class=\"elementor-element elementor-element-83380c6 elementor-widget elementor-widget-image\" data-id=\"83380c6\" data-element_type=\"widget\" data-widget_type=\"image.default\">\n\t\t\t\t<div class=\"elementor-widget-container\">\n\t\t\t\t\t\t\t\t\t\t\t\t\t\t\t<img loading=\"lazy\" decoding=\"async\" width=\"428\" height=\"339\" src=\"https:\/\/www.adeicasa.com\/wp-content\/uploads\/2022\/04\/after.jpg\" class=\"attachment-large size-large\" alt=\"\" srcset=\"https:\/\/www.adeicasa.com\/wp-content\/uploads\/2022\/04\/after.jpg 428w, https:\/\/www.adeicasa.com\/wp-content\/uploads\/2022\/04\/after-300x238.jpg 300w, https:\/\/www.adeicasa.com\/wp-content\/uploads\/2022\/04\/after-417x330.jpg 417w, https:\/\/www.adeicasa.com\/wp-content\/uploads\/2022\/04\/after-227x180.jpg 227w\" sizes=\"auto, (max-width: 428px) 100vw, 428px\" \/>\t\t\t\t\t\t\t\t\t\t\t\t\t\t\t<\/div>\n\t\t\t\t<\/div>\n\t\t\t\t\t<\/div>\n\t\t<\/div>\n\t\t\t\t\t\t\t<\/div>\n\t\t<\/section>\n\t\t\t\t\t\t<\/div>\n\t\t\t\t\t<\/div>\n\t\t","protected":false},"excerpt":{"rendered":"<p>Home Staging La principal finalidad del home stager es alquilar o vender una vivienda en el menor tiempo posible. La preparamos para que guste al mayor n\u00famero de personas y para que el tiempo de compraventa se reduzca. Mejorar la imagen de las viviendas significa reorganizar y decorar el espacio, pero no como lo hace &hellip;<\/p>\n<p class=\"read-more\"> <a class=\"\" href=\"https:\/\/www.adeicasa.com\/index.php\/home-staging\/\"> <span class=\"screen-reader-text\">Home Staging<\/span> Leer m\u00e1s &raquo;<\/a><\/p>\n","protected":false},"author":2,"featured_media":0,"parent":0,"menu_order":0,"comment_status":"closed","ping_status":"closed","template":"","meta":{"site-sidebar-layout":"default","site-content-layout":"default","ast-global-header-display":"","ast-main-header-display":"","ast-hfb-above-header-display":"","ast-hfb-below-header-display":"","ast-hfb-mobile-header-display":"","site-post-title":"","ast-breadcrumbs-content":"","ast-featured-img":"","footer-sml-layout":"","theme-transparent-header-meta":"","adv-header-id-meta":"","stick-header-meta":"","header-above-stick-meta":"","header-main-stick-meta":"","header-below-stick-meta":"","footnotes":""},"class_list":["post-52","page","type-page","status-publish","hentry"],"_links":{"self":[{"href":"https:\/\/www.adeicasa.com\/index.php\/wp-json\/wp\/v2\/pages\/52","targetHints":{"allow":["GET"]}}],"collection":[{"href":"https:\/\/www.adeicasa.com\/index.php\/wp-json\/wp\/v2\/pages"}],"about":[{"href":"https:\/\/www.adeicasa.com\/index.php\/wp-json\/wp\/v2\/types\/page"}],"author":[{"embeddable":true,"href":"https:\/\/www.adeicasa.com\/index.php\/wp-json\/wp\/v2\/users\/2"}],"replies":[{"embeddable":true,"href":"https:\/\/www.adeicasa.com\/index.php\/wp-json\/wp\/v2\/comments?post=52"}],"version-history":[{"count":61,"href":"https:\/\/www.adeicasa.com\/index.php\/wp-json\/wp\/v2\/pages\/52\/revisions"}],"predecessor-version":[{"id":1364,"href":"https:\/\/www.adeicasa.com\/index.php\/wp-json\/wp\/v2\/pages\/52\/revisions\/1364"}],"wp:attachment":[{"href":"https:\/\/www.adeicasa.com\/index.php\/wp-json\/wp\/v2\/media?parent=52"}],"curies":[{"name":"wp","href":"https:\/\/api.w.org\/{rel}","templated":true}]}}