{"id":55,"date":"2022-03-10T19:03:55","date_gmt":"2022-03-10T19:03:55","guid":{"rendered":"http:\/\/adeicasa.com\/?page_id=55"},"modified":"2022-07-11T17:28:14","modified_gmt":"2022-07-11T17:28:14","slug":"interiorismo-decoracion","status":"publish","type":"page","link":"https:\/\/www.adeicasa.com\/index.php\/interiorismo-decoracion\/","title":{"rendered":"Interiorismo\/decoraci\u00f3n"},"content":{"rendered":"\t\t<div data-elementor-type=\"wp-page\" data-elementor-id=\"55\" class=\"elementor elementor-55\" data-elementor-settings=\"[]\">\n\t\t\t\t\t\t\t<div class=\"elementor-section-wrap\">\n\t\t\t\t\t\t\t<section class=\"elementor-section elementor-top-section elementor-element elementor-element-b0adc2c elementor-section-boxed elementor-section-height-default elementor-section-height-default\" data-id=\"b0adc2c\" data-element_type=\"section\">\n\t\t\t\t\t\t<div class=\"elementor-container elementor-column-gap-default\">\n\t\t\t\t\t<div class=\"elementor-column elementor-col-100 elementor-top-column elementor-element elementor-element-d60019f\" data-id=\"d60019f\" data-element_type=\"column\">\n\t\t\t<div class=\"elementor-widget-wrap elementor-element-populated\">\n\t\t\t\t\t\t\t\t<div class=\"elementor-element elementor-element-de05cc3 elementor-widget elementor-widget-spacer\" data-id=\"de05cc3\" data-element_type=\"widget\" data-widget_type=\"spacer.default\">\n\t\t\t\t<div class=\"elementor-widget-container\">\n\t\t\t\t\t<div class=\"elementor-spacer\">\n\t\t\t<div class=\"elementor-spacer-inner\"><\/div>\n\t\t<\/div>\n\t\t\t\t<\/div>\n\t\t\t\t<\/div>\n\t\t\t\t\t<\/div>\n\t\t<\/div>\n\t\t\t\t\t\t\t<\/div>\n\t\t<\/section>\n\t\t\t\t<section class=\"elementor-section elementor-top-section elementor-element elementor-element-a7cb801 elementor-section-boxed elementor-section-height-default elementor-section-height-default\" data-id=\"a7cb801\" data-element_type=\"section\">\n\t\t\t\t\t\t<div class=\"elementor-container elementor-column-gap-default\">\n\t\t\t\t\t<div class=\"elementor-column elementor-col-100 elementor-top-column elementor-element elementor-element-e37b6e6\" data-id=\"e37b6e6\" data-element_type=\"column\">\n\t\t\t<div class=\"elementor-widget-wrap elementor-element-populated\">\n\t\t\t\t\t\t\t\t<div class=\"elementor-element elementor-element-47aa8f5 elementor-widget elementor-widget-heading\" data-id=\"47aa8f5\" data-element_type=\"widget\" data-widget_type=\"heading.default\">\n\t\t\t\t<div class=\"elementor-widget-container\">\n\t\t\t<style>\/*! elementor - v3.5.6 - 28-02-2022 *\/\n.elementor-heading-title{padding:0;margin:0;line-height:1}.elementor-widget-heading .elementor-heading-title[class*=elementor-size-]>a{color:inherit;font-size:inherit;line-height:inherit}.elementor-widget-heading .elementor-heading-title.elementor-size-small{font-size:15px}.elementor-widget-heading .elementor-heading-title.elementor-size-medium{font-size:19px}.elementor-widget-heading .elementor-heading-title.elementor-size-large{font-size:29px}.elementor-widget-heading .elementor-heading-title.elementor-size-xl{font-size:39px}.elementor-widget-heading .elementor-heading-title.elementor-size-xxl{font-size:59px}<\/style><h2 class=\"elementor-heading-title elementor-size-default\">Interiorismo &amp; Decoraci\u00f3n<\/h2>\t\t<\/div>\n\t\t\t\t<\/div>\n\t\t\t\t<div class=\"elementor-element elementor-element-9c84047 elementor-widget elementor-widget-text-editor\" data-id=\"9c84047\" data-element_type=\"widget\" data-widget_type=\"text-editor.default\">\n\t\t\t\t<div class=\"elementor-widget-container\">\n\t\t\t<style>\/*! elementor - v3.5.6 - 28-02-2022 *\/\n.elementor-widget-text-editor.elementor-drop-cap-view-stacked .elementor-drop-cap{background-color:#818a91;color:#fff}.elementor-widget-text-editor.elementor-drop-cap-view-framed .elementor-drop-cap{color:#818a91;border:3px solid;background-color:transparent}.elementor-widget-text-editor:not(.elementor-drop-cap-view-default) .elementor-drop-cap{margin-top:8px}.elementor-widget-text-editor:not(.elementor-drop-cap-view-default) .elementor-drop-cap-letter{width:1em;height:1em}.elementor-widget-text-editor .elementor-drop-cap{float:left;text-align:center;line-height:1;font-size:50px}.elementor-widget-text-editor .elementor-drop-cap-letter{display:inline-block}<\/style>\t\t\t\t<p>Sentirse a gusto en casa es fundamental y para ello una buena distribuci\u00f3n y decoraci\u00f3n son fundamentales. Aunque la decoraci\u00f3n o el decorador se encarga de vestir un espacio y el interiorismo o el interiorista de los cambios profundos en la distribuci\u00f3n del mismo, van tan ligados que muchas veces suelen ser la misma persona apoyada de manera externa por un arquitecto u otros profesionales.<\/p><p>En Adei te ayudamos con cualquier proyecto que quieras emprender de decoraci\u00f3n e interiorismo, bien sea tu hogar o tu negocio. Contamos con amplia experiencia tanto en vivienda como en empresas (hosteler\u00eda, oficina, deporte&#8230;).<\/p><p>Te ofreceremos un proyecto pr\u00e1ctico que se adapta a tu estilo y a tu bolsillo. Podemos redistribuir el espacio, tirando paredes si es necesario, o solo decorarlo. Tendremos en cuenta todo lo que te gusta y lo que no, tus necesidades vitales de espacio y la practicidad del mismo en tu d\u00eda a d\u00eda.<\/p><p>Especialistas en hogar te podemos proporcionar desde una pieza de decoraci\u00f3n a un proyecto completo: cocinas, ba\u00f1os, armarios, vestidores, mobiliario interior y exterior, iluminaci\u00f3n, pavimentos y revestimientos, decoraci\u00f3n, pintura, carpinter\u00eda, suelos, electricidad, calefacci\u00f3n&#8230;<\/p><p>Desde nuestros estudio de interiorismo y decoraci\u00f3n siempre encontramos la soluci\u00f3n ideal para cada situaci\u00f3n y estamos siempre al tanto de las \u00faltimas tendencias para aportar lo mejor a nuestros clientes. Las ventajas que te ofrecemos son muchas:<\/p>\t\t\t\t\t\t<\/div>\n\t\t\t\t<\/div>\n\t\t\t\t<div class=\"elementor-element elementor-element-b827b94 elementor-widget elementor-widget-text-editor\" data-id=\"b827b94\" data-element_type=\"widget\" data-widget_type=\"text-editor.default\">\n\t\t\t\t<div class=\"elementor-widget-container\">\n\t\t\t\t\t\t\t<p>\u00a0<\/p><ul><li>Dise\u00f1aremos un espacio siempre teniendo en cuenta las \u00faltimas tendencias del mercado.<\/li><li>Nos ocupamos de todo el proyecto de obra hasta el final haciendo que la gesti\u00f3n para el cliente sea lo m\u00e1s sencilla posible.<\/li><li>Se controlar\u00e1 el presupuesto para que no haya variaciones y conseguimos los mejores precios para adecuarnos a \u00e9l.<\/li><li>El proyecto de interiorismo y decoraci\u00f3n har\u00e1 que el inmueble se revalorice.<\/li><li>El decorador e interiorista dise\u00f1ar\u00e1 una est\u00e9tica y funcionalidad unidas para satisfacer las necesidades de cada cliente.<\/li><\/ul>\t\t\t\t\t\t<\/div>\n\t\t\t\t<\/div>\n\t\t\t\t\t<\/div>\n\t\t<\/div>\n\t\t\t\t\t\t\t<\/div>\n\t\t<\/section>\n\t\t\t\t<section class=\"elementor-section elementor-top-section elementor-element elementor-element-24949c0 elementor-section-boxed elementor-section-height-default elementor-section-height-default\" data-id=\"24949c0\" data-element_type=\"section\">\n\t\t\t\t\t\t<div class=\"elementor-container elementor-column-gap-default\">\n\t\t\t\t\t<div class=\"elementor-column elementor-col-100 elementor-top-column elementor-element elementor-element-c0e70c9\" data-id=\"c0e70c9\" data-element_type=\"column\">\n\t\t\t<div class=\"elementor-widget-wrap elementor-element-populated\">\n\t\t\t\t\t\t\t\t<div class=\"elementor-element elementor-element-61da7ee elementor-widget elementor-widget-spacer\" data-id=\"61da7ee\" data-element_type=\"widget\" data-widget_type=\"spacer.default\">\n\t\t\t\t<div class=\"elementor-widget-container\">\n\t\t\t\t\t<div class=\"elementor-spacer\">\n\t\t\t<div class=\"elementor-spacer-inner\"><\/div>\n\t\t<\/div>\n\t\t\t\t<\/div>\n\t\t\t\t<\/div>\n\t\t\t\t\t<\/div>\n\t\t<\/div>\n\t\t\t\t\t\t\t<\/div>\n\t\t<\/section>\n\t\t\t\t<section class=\"elementor-section elementor-top-section elementor-element elementor-element-cb13d2c elementor-section-content-middle elementor-section-boxed elementor-section-height-default elementor-section-height-default\" data-id=\"cb13d2c\" data-element_type=\"section\" data-settings=\"{&quot;background_background&quot;:&quot;classic&quot;}\">\n\t\t\t\t\t\t\t<div class=\"elementor-background-overlay\"><\/div>\n\t\t\t\t\t\t\t<div class=\"elementor-container elementor-column-gap-default\">\n\t\t\t\t\t<div class=\"elementor-column elementor-col-50 elementor-top-column elementor-element elementor-element-65bb970\" data-id=\"65bb970\" data-element_type=\"column\">\n\t\t\t<div class=\"elementor-widget-wrap elementor-element-populated\">\n\t\t\t\t\t\t\t\t<div class=\"elementor-element elementor-element-01e6a25 elementor-widget elementor-widget-heading\" data-id=\"01e6a25\" data-element_type=\"widget\" data-widget_type=\"heading.default\">\n\t\t\t\t<div class=\"elementor-widget-container\">\n\t\t\t<h5 class=\"elementor-heading-title elementor-size-default\">NO LE DES M\u00c1S VUELTAS<\/h5>\t\t<\/div>\n\t\t\t\t<\/div>\n\t\t\t\t<div class=\"elementor-element elementor-element-1a15b54 elementor-widget elementor-widget-heading\" data-id=\"1a15b54\" data-element_type=\"widget\" data-widget_type=\"heading.default\">\n\t\t\t\t<div class=\"elementor-widget-container\">\n\t\t\t<h2 class=\"elementor-heading-title elementor-size-default\">D\u00e9jalo todo en nuestas manos!\n<\/h2>\t\t<\/div>\n\t\t\t\t<\/div>\n\t\t\t\t\t<\/div>\n\t\t<\/div>\n\t\t\t\t<div class=\"elementor-column elementor-col-50 elementor-top-column elementor-element elementor-element-3c6c15b\" data-id=\"3c6c15b\" data-element_type=\"column\">\n\t\t\t<div class=\"elementor-widget-wrap elementor-element-populated\">\n\t\t\t\t\t\t\t\t<div class=\"elementor-element elementor-element-85ddbae elementor-align-right elementor-tablet-align-center elementor-widget elementor-widget-button\" data-id=\"85ddbae\" data-element_type=\"widget\" data-widget_type=\"button.default\">\n\t\t\t\t<div class=\"elementor-widget-container\">\n\t\t\t\t\t<div class=\"elementor-button-wrapper\">\n\t\t\t<a href=\"#formulario2\" class=\"elementor-button-link elementor-button elementor-size-xl elementor-animation-float\" role=\"button\">\n\t\t\t\t\t\t<span class=\"elementor-button-content-wrapper\">\n\t\t\t\t\t\t<span class=\"elementor-button-text\">p\u00eddenos +info<\/span>\n\t\t<\/span>\n\t\t\t\t\t<\/a>\n\t\t<\/div>\n\t\t\t\t<\/div>\n\t\t\t\t<\/div>\n\t\t\t\t\t<\/div>\n\t\t<\/div>\n\t\t\t\t\t\t\t<\/div>\n\t\t<\/section>\n\t\t\t\t<section class=\"elementor-section elementor-top-section elementor-element elementor-element-742a8b1 elementor-section-boxed elementor-section-height-default elementor-section-height-default\" data-id=\"742a8b1\" data-element_type=\"section\">\n\t\t\t\t\t\t<div class=\"elementor-container elementor-column-gap-default\">\n\t\t\t\t\t<div class=\"elementor-column elementor-col-100 elementor-top-column elementor-element elementor-element-ccfc6fb\" data-id=\"ccfc6fb\" data-element_type=\"column\">\n\t\t\t<div class=\"elementor-widget-wrap elementor-element-populated\">\n\t\t\t\t\t\t\t\t<div class=\"elementor-element elementor-element-8296f47 elementor-widget elementor-widget-spacer\" data-id=\"8296f47\" data-element_type=\"widget\" data-widget_type=\"spacer.default\">\n\t\t\t\t<div class=\"elementor-widget-container\">\n\t\t\t\t\t<div class=\"elementor-spacer\">\n\t\t\t<div class=\"elementor-spacer-inner\"><\/div>\n\t\t<\/div>\n\t\t\t\t<\/div>\n\t\t\t\t<\/div>\n\t\t\t\t\t<\/div>\n\t\t<\/div>\n\t\t\t\t\t\t\t<\/div>\n\t\t<\/section>\n\t\t\t\t<section class=\"elementor-section elementor-top-section elementor-element elementor-element-06eae31 elementor-section-height-min-height elementor-section-boxed elementor-section-height-default elementor-section-items-middle\" data-id=\"06eae31\" data-element_type=\"section\">\n\t\t\t\t\t\t<div class=\"elementor-container elementor-column-gap-default\">\n\t\t\t\t\t<div class=\"elementor-column elementor-col-100 elementor-top-column elementor-element elementor-element-4fcda77\" data-id=\"4fcda77\" data-element_type=\"column\">\n\t\t\t<div class=\"elementor-widget-wrap elementor-element-populated\">\n\t\t\t\t\t\t\t\t<div class=\"elementor-element elementor-element-8afa13b elementor-widget elementor-widget-image\" data-id=\"8afa13b\" data-element_type=\"widget\" data-widget_type=\"image.default\">\n\t\t\t\t<div class=\"elementor-widget-container\">\n\t\t\t<style>\/*! elementor - v3.5.6 - 28-02-2022 *\/\n.elementor-widget-image{text-align:center}.elementor-widget-image a{display:inline-block}.elementor-widget-image a img[src$=\".svg\"]{width:48px}.elementor-widget-image img{vertical-align:middle;display:inline-block}<\/style>\t\t\t\t\t\t\t\t\t\t\t\t<img loading=\"lazy\" decoding=\"async\" width=\"1024\" height=\"362\" src=\"https:\/\/www.adeicasa.com\/wp-content\/uploads\/2022\/04\/istock-950997086-1-1024x362.jpg\" class=\"attachment-large size-large\" alt=\"\" srcset=\"https:\/\/www.adeicasa.com\/wp-content\/uploads\/2022\/04\/istock-950997086-1-1024x362.jpg 1024w, https:\/\/www.adeicasa.com\/wp-content\/uploads\/2022\/04\/istock-950997086-1-300x106.jpg 300w, https:\/\/www.adeicasa.com\/wp-content\/uploads\/2022\/04\/istock-950997086-1-768x271.jpg 768w, https:\/\/www.adeicasa.com\/wp-content\/uploads\/2022\/04\/istock-950997086-1-570x201.jpg 570w, https:\/\/www.adeicasa.com\/wp-content\/uploads\/2022\/04\/istock-950997086-1-270x95.jpg 270w, https:\/\/www.adeicasa.com\/wp-content\/uploads\/2022\/04\/istock-950997086-1.jpg 1200w\" sizes=\"auto, (max-width: 1024px) 100vw, 1024px\" \/>\t\t\t\t\t\t\t\t\t\t\t\t\t\t\t<\/div>\n\t\t\t\t<\/div>\n\t\t\t\t\t<\/div>\n\t\t<\/div>\n\t\t\t\t\t\t\t<\/div>\n\t\t<\/section>\n\t\t\t\t\t\t<\/div>\n\t\t\t\t\t<\/div>\n\t\t","protected":false},"excerpt":{"rendered":"<p>Interiorismo &amp; Decoraci\u00f3n Sentirse a gusto en casa es fundamental y para ello una buena distribuci\u00f3n y decoraci\u00f3n son fundamentales. Aunque la decoraci\u00f3n o el decorador se encarga de vestir un espacio y el interiorismo o el interiorista de los cambios profundos en la distribuci\u00f3n del mismo, van tan ligados que muchas veces suelen ser &hellip;<\/p>\n<p class=\"read-more\"> <a class=\"\" href=\"https:\/\/www.adeicasa.com\/index.php\/interiorismo-decoracion\/\"> <span class=\"screen-reader-text\">Interiorismo\/decoraci\u00f3n<\/span> Leer m\u00e1s &raquo;<\/a><\/p>\n","protected":false},"author":2,"featured_media":0,"parent":0,"menu_order":0,"comment_status":"closed","ping_status":"closed","template":"","meta":{"site-sidebar-layout":"default","site-content-layout":"default","ast-global-header-display":"","ast-main-header-display":"","ast-hfb-above-header-display":"","ast-hfb-below-header-display":"","ast-hfb-mobile-header-display":"","site-post-title":"","ast-breadcrumbs-content":"","ast-featured-img":"","footer-sml-layout":"","theme-transparent-header-meta":"","adv-header-id-meta":"","stick-header-meta":"","header-above-stick-meta":"","header-main-stick-meta":"","header-below-stick-meta":"","footnotes":""},"class_list":["post-55","page","type-page","status-publish","hentry"],"_links":{"self":[{"href":"https:\/\/www.adeicasa.com\/index.php\/wp-json\/wp\/v2\/pages\/55","targetHints":{"allow":["GET"]}}],"collection":[{"href":"https:\/\/www.adeicasa.com\/index.php\/wp-json\/wp\/v2\/pages"}],"about":[{"href":"https:\/\/www.adeicasa.com\/index.php\/wp-json\/wp\/v2\/types\/page"}],"author":[{"embeddable":true,"href":"https:\/\/www.adeicasa.com\/index.php\/wp-json\/wp\/v2\/users\/2"}],"replies":[{"embeddable":true,"href":"https:\/\/www.adeicasa.com\/index.php\/wp-json\/wp\/v2\/comments?post=55"}],"version-history":[{"count":61,"href":"https:\/\/www.adeicasa.com\/index.php\/wp-json\/wp\/v2\/pages\/55\/revisions"}],"predecessor-version":[{"id":1367,"href":"https:\/\/www.adeicasa.com\/index.php\/wp-json\/wp\/v2\/pages\/55\/revisions\/1367"}],"wp:attachment":[{"href":"https:\/\/www.adeicasa.com\/index.php\/wp-json\/wp\/v2\/media?parent=55"}],"curies":[{"name":"wp","href":"https:\/\/api.w.org\/{rel}","templated":true}]}}